{"id":2327,"date":"2021-09-28T23:40:47","date_gmt":"2021-09-28T23:40:47","guid":{"rendered":"https:\/\/blueluxurytulum.com\/?page_id=2327"},"modified":"2021-09-28T23:43:39","modified_gmt":"2021-09-28T23:43:39","slug":"cookies","status":"publish","type":"page","link":"https:\/\/blueluxurytulum.com\/es\/cookies\/","title":{"rendered":"Cookies"},"content":{"rendered":"\t\t<div data-elementor-type=\"wp-page\" data-elementor-id=\"2327\" class=\"elementor elementor-2327\" data-elementor-post-type=\"page\">\n\t\t\t\t\t\t<section class=\"elementor-section elementor-top-section elementor-element elementor-element-993919f elementor-section-boxed elementor-section-height-default elementor-section-height-default\" data-id=\"993919f\" data-element_type=\"section\" data-e-type=\"section\">\n\t\t\t\t\t\t<div class=\"elementor-container elementor-column-gap-default\">\n\t\t\t\t\t<div class=\"elementor-column elementor-col-100 elementor-top-column elementor-element elementor-element-827f3c6\" data-id=\"827f3c6\" data-element_type=\"column\" data-e-type=\"column\">\n\t\t\t<div class=\"elementor-widget-wrap elementor-element-populated\">\n\t\t\t\t\t\t<div class=\"elementor-element elementor-element-ea23e2d de_scroll_animation_no elementor-widget elementor-widget-text-editor\" data-id=\"ea23e2d\" data-element_type=\"widget\" data-e-type=\"widget\" data-widget_type=\"text-editor.default\">\n\t\t\t\t<div class=\"elementor-widget-container\">\n\t\t\t\t\t\t\t\t\t<p>Esta es la Pol\u00edtica de Cookies para Blueluxurytulum.com, accesible desde https:\/\/blueluxurytulum.com<\/p><p><strong>Qu\u00e9 son las cookies<\/strong><\/p><p>Como es pr\u00e1ctica com\u00fan con casi todos los sitios web profesionales, este sitio utiliza cookies, que son peque\u00f1os archivos que se descargan en su computadora, para mejorar su experiencia. Esta p\u00e1gina describe qu\u00e9 informaci\u00f3n recopilan, c\u00f3mo la usamos y por qu\u00e9 a veces necesitamos almacenar estas cookies. Tambi\u00e9n compartiremos c\u00f3mo puede evitar que estas cookies se almacenen, sin embargo, esto puede degradar o \u00abromper\u00bb ciertos elementos de la funcionalidad de los sitios.<\/p><p><strong>C\u00f3mo utilizamos las cookies<\/strong><\/p><p>Utilizamos cookies por una variedad de razones que se detallan a continuaci\u00f3n. Desafortunadamente, en la mayor\u00eda de los casos no hay opciones est\u00e1ndar de la industria para deshabilitar las cookies sin deshabilitar por completo la funcionalidad y las caracter\u00edsticas que agregan a este sitio. Se recomienda que deje todas las cookies si no est\u00e1 seguro de si las necesita o no en caso de que se utilicen para proporcionar un servicio que utilice.<\/p><p><strong>Desactivaci\u00f3n de cookies<\/strong><\/p><p>Puede evitar la configuraci\u00f3n de cookies ajustando la configuraci\u00f3n de su navegador (consulte la Ayuda de su navegador para saber c\u00f3mo hacerlo). Tenga en cuenta que deshabilitar las cookies afectar\u00e1 la funcionalidad de este y muchos otros sitios web que visite. La desactivaci\u00f3n de las cookies generalmente resultar\u00e1 en la desactivaci\u00f3n de ciertas funciones y caracter\u00edsticas de este sitio. Por lo tanto, se recomienda que no deshabilite las cookies.<\/p><p><strong>Las cookies que establecemos<\/strong><\/p><ul><li>Cookies relacionadas con formularios<\/li><\/ul><p>Cuando env\u00eda datos a trav\u00e9s de un formulario como los que se encuentran en las p\u00e1ginas de contacto o formularios de comentarios, las cookies pueden configurarse para recordar sus datos de usuario para futuras correspondencias.<\/p><ul><li>Cookies de preferencias del sitio<\/li><\/ul><p>Con el fin de proporcionarle una gran experiencia en este sitio, proporcionamos la funcionalidad para establecer sus preferencias sobre c\u00f3mo se ejecuta este sitio cuando lo usa. Para recordar sus preferencias, necesitamos establecer cookies para que esta informaci\u00f3n pueda ser llamada cada vez que interact\u00fae con una p\u00e1gina que se vea afectada por sus preferencias.<\/p><p><strong>Cookies de terceros<\/strong><\/p><p>En algunos casos especiales, tambi\u00e9n utilizamos cookies proporcionadas por terceros de confianza. La siguiente secci\u00f3n detalla qu\u00e9 cookies de terceros puede encontrar a trav\u00e9s de este sitio.<\/p><ul><li>Los an\u00e1lisis de terceros se utilizan para rastrear y medir el uso de este sitio para que podamos continuar produciendo contenido atractivo. Estas cookies pueden rastrear cosas como cu\u00e1nto tiempo pasa en el sitio o las p\u00e1ginas que visita, lo que nos ayuda a comprender c\u00f3mo podemos mejorar el sitio para usted.<\/li><li>De vez en cuando probamos nuevas caracter\u00edsticas y hacemos cambios sutiles en la forma en que se entrega el sitio. Cuando todav\u00eda estamos probando nuevas funciones, estas cookies se pueden utilizar para garantizar que reciba una experiencia consistente mientras est\u00e1 en el sitio, al tiempo que nos aseguramos de comprender qu\u00e9 optimizaciones aprecian m\u00e1s nuestros usuarios.<\/li><li>A medida que vendemos productos, es importante para nosotros comprender las estad\u00edsticas sobre cu\u00e1ntos de los visitantes de nuestro sitio realmente realizan una compra y, como tal, este es el tipo de datos que rastrear\u00e1n estas cookies. Esto es importante para usted, ya que significa que podemos hacer predicciones comerciales con precisi\u00f3n que nos permiten monitorear nuestros costos de publicidad y productos para garantizar el mejor precio posible.<\/li><li>Tambi\u00e9n utilizamos botones de redes sociales y \/ o complementos en este sitio que le permiten conectarse con su red social de varias maneras. Para que estos funcionen los siguientes sitios de redes sociales, incluyendo; {Enumere las redes sociales cuyas caracter\u00edsticas ha integrado con su sitio?:12}, establecer\u00e1 cookies a trav\u00e9s de nuestro sitio que pueden usarse para mejorar su perfil en su sitio o contribuir a los datos que poseen para diversos fines descritos en sus respectivas pol\u00edticas de privacidad.<\/li><\/ul><p><strong>M\u00e1s informaci\u00f3n<\/strong><\/p><p>Esperemos que eso le haya aclarado las cosas y, como se mencion\u00f3 anteriormente, si hay algo que no est\u00e1 seguro de si necesita o no, generalmente es m\u00e1s seguro dejar las cookies habilitadas en caso de que interact\u00fae con una de las funciones que utiliza en nuestro sitio.<\/p><p>Sin embargo, si todav\u00eda est\u00e1 buscando m\u00e1s informaci\u00f3n, puede contactarnos a trav\u00e9s de uno de nuestros m\u00e9todos de contacto preferidos:<\/p><ul><li>Correo electr\u00f3nico: legal@blueluxurytulum.com<\/li><\/ul>\t\t\t\t\t\t\t\t<\/div>\n\t\t\t\t<\/div>\n\t\t\t\t\t<\/div>\n\t\t<\/div>\n\t\t\t\t\t<\/div>\n\t\t<\/section>\n\t\t\t\t<\/div>\n\t\t","protected":false},"excerpt":{"rendered":"<p>Esta es la Pol\u00edtica de Cookies para Blueluxurytulum.com, accesible desde https:\/\/blueluxurytulum.com Qu\u00e9 son las cookies Como es pr\u00e1ctica com\u00fan con casi todos los sitios web profesionales, este sitio utiliza cookies, que son peque\u00f1os archivos que se descargan en su computadora, para mejorar su experiencia. Esta p\u00e1gina describe qu\u00e9 informaci\u00f3n recopilan, c\u00f3mo la usamos y por [&hellip;]<\/p>\n","protected":false},"author":1,"featured_media":0,"parent":0,"menu_order":0,"comment_status":"closed","ping_status":"closed","template":"","meta":{"_joinchat":[],"footnotes":""},"class_list":["post-2327","page","type-page","status-publish","hentry"],"_links":{"self":[{"href":"https:\/\/blueluxurytulum.com\/es\/wp-json\/wp\/v2\/pages\/2327","targetHints":{"allow":["GET"]}}],"collection":[{"href":"https:\/\/blueluxurytulum.com\/es\/wp-json\/wp\/v2\/pages"}],"about":[{"href":"https:\/\/blueluxurytulum.com\/es\/wp-json\/wp\/v2\/types\/page"}],"author":[{"embeddable":true,"href":"https:\/\/blueluxurytulum.com\/es\/wp-json\/wp\/v2\/users\/1"}],"replies":[{"embeddable":true,"href":"https:\/\/blueluxurytulum.com\/es\/wp-json\/wp\/v2\/comments?post=2327"}],"version-history":[{"count":4,"href":"https:\/\/blueluxurytulum.com\/es\/wp-json\/wp\/v2\/pages\/2327\/revisions"}],"predecessor-version":[{"id":2331,"href":"https:\/\/blueluxurytulum.com\/es\/wp-json\/wp\/v2\/pages\/2327\/revisions\/2331"}],"wp:attachment":[{"href":"https:\/\/blueluxurytulum.com\/es\/wp-json\/wp\/v2\/media?parent=2327"}],"curies":[{"name":"wp","href":"https:\/\/api.w.org\/{rel}","templated":true}]}}